{"id":19,"date":"2024-05-29T19:26:20","date_gmt":"2024-05-29T19:26:20","guid":{"rendered":"http:\/\/retherlawfirm.com\/?page_id=19"},"modified":"2025-07-24T09:25:48","modified_gmt":"2025-07-24T09:25:48","slug":"contacto","status":"publish","type":"page","link":"https:\/\/retherlawfirm.com\/it\/contacto\/","title":{"rendered":"Contatto"},"content":{"rendered":"<div data-elementor-type=\"wp-page\" data-elementor-id=\"19\" class=\"elementor elementor-19\" data-elementor-post-type=\"page\">\n\t\t\t\t<div class=\"elementor-element elementor-element-c1fbad8 e-flex e-con-boxed e-con e-parent\" data-id=\"c1fbad8\" data-element_type=\"container\" data-settings=\"{&quot;background_background&quot;:&quot;classic&quot;}\">\n\t\t\t\t\t<div class=\"e-con-inner\">\n\t\t\t\t<div class=\"elementor-element elementor-element-f068395 elementor-nav-menu--dropdown-tablet elementor-nav-menu__text-align-aside elementor-nav-menu--toggle elementor-nav-menu--burger elementor-widget elementor-widget-nav-menu\" data-id=\"f068395\" data-element_type=\"widget\" data-settings=\"{&quot;layout&quot;:&quot;horizontal&quot;,&quot;submenu_icon&quot;:{&quot;value&quot;:&quot;&lt;svg class=\\&quot;e-font-icon-svg e-fas-caret-down\\&quot; viewBox=\\&quot;0 0 320 512\\&quot; xmlns=\\&quot;http:\\\/\\\/www.w3.org\\\/2000\\\/svg\\&quot;&gt;&lt;path d=\\&quot;M31.3 192h257.3c17.8 0 26.7 21.5 14.1 34.1L174.1 354.8c-7.8 7.8-20.5 7.8-28.3 0L17.2 226.1C4.6 213.5 13.5 192 31.3 192z\\&quot;&gt;&lt;\\\/path&gt;&lt;\\\/svg&gt;&quot;,&quot;library&quot;:&quot;fa-solid&quot;},&quot;toggle&quot;:&quot;burger&quot;}\" data-widget_type=\"nav-menu.default\">\n\t\t\t\t<div class=\"elementor-widget-container\">\n\t\t\t\t\t\t\t\t<nav aria-label=\"Menu\" class=\"elementor-nav-menu--main elementor-nav-menu__container elementor-nav-menu--layout-horizontal e--pointer-underline e--animation-fade\">\n\t\t\t\t<ul id=\"menu-1-f068395\" class=\"elementor-nav-menu\"><li class=\"menu-item menu-item-type-post_type menu-item-object-page menu-item-home menu-item-23\"><a href=\"https:\/\/retherlawfirm.com\/it\/\" class=\"elementor-item\">Home<\/a><\/li>\n<li class=\"menu-item menu-item-type-post_type menu-item-object-page menu-item-27\"><a href=\"https:\/\/retherlawfirm.com\/it\/quienes-somos\/\" class=\"elementor-item\">Chi siamo<\/a><\/li>\n<li class=\"menu-item menu-item-type-custom menu-item-object-custom menu-item-has-children menu-item-155\"><a href=\"#\" class=\"elementor-item elementor-item-anchor\">Servizi<\/a>\n<ul class=\"sub-menu elementor-nav-menu--dropdown\">\n\t<li class=\"menu-item menu-item-type-post_type menu-item-object-page menu-item-24\"><a href=\"https:\/\/retherlawfirm.com\/it\/asesoramiento-integral\/\" class=\"elementor-sub-item\">Consigliere integrale<\/a><\/li>\n\t<li class=\"menu-item menu-item-type-post_type menu-item-object-page menu-item-25\"><a href=\"https:\/\/retherlawfirm.com\/it\/bienes-inmuebles-canarias\/\" class=\"elementor-sub-item\">Immobiliare alle Canarie<\/a><\/li>\n<\/ul>\n<\/li>\n<li class=\"menu-item menu-item-type-post_type menu-item-object-page menu-item-26\"><a href=\"https:\/\/retherlawfirm.com\/it\/contacto\/\" class=\"elementor-item\">Contatto<\/a><\/li>\n<\/ul>\t\t\t<\/nav>\n\t\t\t\t\t<div class=\"elementor-menu-toggle\" role=\"button\" tabindex=\"0\" aria-label=\"Menu Toggle\" aria-expanded=\"false\">\n\t\t\t<svg aria-hidden=\"true\" role=\"presentation\" class=\"elementor-menu-toggle__icon--open e-font-icon-svg e-eicon-menu-bar\" viewbox=\"0 0 1000 1000\" xmlns=\"http:\/\/www.w3.org\/2000\/svg\"><path d=\"M104 333H896C929 333 958 304 958 271S929 208 896 208H104C71 208 42 237 42 271S71 333 104 333ZM104 583H896C929 583 958 554 958 521S929 458 896 458H104C71 458 42 487 42 521S71 583 104 583ZM104 833H896C929 833 958 804 958 771S929 708 896 708H104C71 708 42 737 42 771S71 833 104 833Z\"><\/path><\/svg><svg aria-hidden=\"true\" role=\"presentation\" class=\"elementor-menu-toggle__icon--close e-font-icon-svg e-eicon-close\" viewbox=\"0 0 1000 1000\" xmlns=\"http:\/\/www.w3.org\/2000\/svg\"><path d=\"M742 167L500 408 258 167C246 154 233 150 217 150 196 150 179 158 167 167 154 179 150 196 150 212 150 229 154 242 171 254L408 500 167 742C138 771 138 800 167 829 196 858 225 858 254 829L496 587 738 829C750 842 767 846 783 846 800 846 817 842 829 829 842 817 846 804 846 783 846 767 842 750 829 737L588 500 833 258C863 229 863 200 833 171 804 137 775 137 742 167Z\"><\/path><\/svg>\t\t<\/div>\n\t\t\t\t\t<nav class=\"elementor-nav-menu--dropdown elementor-nav-menu__container\" aria-hidden=\"true\">\n\t\t\t\t<ul id=\"menu-2-f068395\" class=\"elementor-nav-menu\"><li class=\"menu-item menu-item-type-post_type menu-item-object-page menu-item-home menu-item-23\"><a href=\"https:\/\/retherlawfirm.com\/it\/\" class=\"elementor-item\" tabindex=\"-1\">Home<\/a><\/li>\n<li class=\"menu-item menu-item-type-post_type menu-item-object-page menu-item-27\"><a href=\"https:\/\/retherlawfirm.com\/it\/quienes-somos\/\" class=\"elementor-item\" tabindex=\"-1\">Chi siamo<\/a><\/li>\n<li class=\"menu-item menu-item-type-custom menu-item-object-custom menu-item-has-children menu-item-155\"><a href=\"#\" class=\"elementor-item elementor-item-anchor\" tabindex=\"-1\">Servizi<\/a>\n<ul class=\"sub-menu elementor-nav-menu--dropdown\">\n\t<li class=\"menu-item menu-item-type-post_type menu-item-object-page menu-item-24\"><a href=\"https:\/\/retherlawfirm.com\/it\/asesoramiento-integral\/\" class=\"elementor-sub-item\" tabindex=\"-1\">Consigliere integrale<\/a><\/li>\n\t<li class=\"menu-item menu-item-type-post_type menu-item-object-page menu-item-25\"><a href=\"https:\/\/retherlawfirm.com\/it\/bienes-inmuebles-canarias\/\" class=\"elementor-sub-item\" tabindex=\"-1\">Immobiliare alle Canarie<\/a><\/li>\n<\/ul>\n<\/li>\n<li class=\"menu-item menu-item-type-post_type menu-item-object-page menu-item-26\"><a href=\"https:\/\/retherlawfirm.com\/it\/contacto\/\" class=\"elementor-item\" tabindex=\"-1\">Contatto<\/a><\/li>\n<\/ul>\t\t\t<\/nav>\n\t\t\t\t\t\t<\/div>\n\t\t\t\t<\/div>\n\t\t\t\t\t<\/div>\n\t\t\t\t<\/div>\n\t\t<div class=\"elementor-element elementor-element-ba13583 e-flex e-con-boxed e-con e-parent\" data-id=\"ba13583\" data-element_type=\"container\" data-settings=\"{&quot;background_background&quot;:&quot;classic&quot;}\">\n\t\t\t\t\t<div class=\"e-con-inner\">\n\t\t\t\t<div class=\"elementor-element elementor-element-463eee0 elementor-widget elementor-widget-spacer\" data-id=\"463eee0\" data-element_type=\"widget\" data-widget_type=\"spacer.default\">\n\t\t\t\t<div class=\"elementor-widget-container\">\n\t\t\t\t\t\t\t<div class=\"elementor-spacer\">\n\t\t\t<div class=\"elementor-spacer-inner\"><\/div>\n\t\t<\/div>\n\t\t\t\t\t\t<\/div>\n\t\t\t\t<\/div>\n\t\t\t\t<div class=\"elementor-element elementor-element-7a29ac1 elementor-widget elementor-widget-heading\" data-id=\"7a29ac1\" data-element_type=\"widget\" data-widget_type=\"heading.default\">\n\t\t\t\t<div class=\"elementor-widget-container\">\n\t\t\t\t\t<h2 class=\"elementor-heading-title elementor-size-default\">Contattaci <\/h2>\t\t\t\t<\/div>\n\t\t\t\t<\/div>\n\t\t\t\t<div class=\"elementor-element elementor-element-7ff75b9 elementor-widget elementor-widget-spacer\" data-id=\"7ff75b9\" data-element_type=\"widget\" data-widget_type=\"spacer.default\">\n\t\t\t\t<div class=\"elementor-widget-container\">\n\t\t\t\t\t\t\t<div class=\"elementor-spacer\">\n\t\t\t<div class=\"elementor-spacer-inner\"><\/div>\n\t\t<\/div>\n\t\t\t\t\t\t<\/div>\n\t\t\t\t<\/div>\n\t\t\t\t\t<\/div>\n\t\t\t\t<\/div>\n\t\t<div class=\"elementor-element elementor-element-0bb84c6 e-flex e-con-boxed e-con e-parent\" data-id=\"0bb84c6\" data-element_type=\"container\" data-settings=\"{&quot;background_background&quot;:&quot;classic&quot;}\">\n\t\t\t\t\t<div class=\"e-con-inner\">\n\t\t<div class=\"elementor-element elementor-element-baff571 e-con-full e-flex e-con e-child\" data-id=\"baff571\" data-element_type=\"container\" data-settings=\"{&quot;background_background&quot;:&quot;classic&quot;}\">\n\t\t<div class=\"elementor-element elementor-element-b521546 e-con-full e-flex e-con e-child\" data-id=\"b521546\" data-element_type=\"container\">\n\t\t\t\t<div class=\"elementor-element elementor-element-bb55016 elementor-widget elementor-widget-image\" data-id=\"bb55016\" data-element_type=\"widget\" data-widget_type=\"image.default\">\n\t\t\t\t<div class=\"elementor-widget-container\">\n\t\t\t\t\t\t\t\t\t\t\t\t\t\t\t<img fetchpriority=\"high\" decoding=\"async\" width=\"800\" height=\"900\" src=\"https:\/\/retherlawfirm.com\/wp-content\/uploads\/2024\/05\/3.png\" class=\"attachment-large size-large wp-image-71\" alt=\"\" srcset=\"https:\/\/retherlawfirm.com\/wp-content\/uploads\/2024\/05\/3.png 800w, https:\/\/retherlawfirm.com\/wp-content\/uploads\/2024\/05\/3-267x300.png 267w, https:\/\/retherlawfirm.com\/wp-content\/uploads\/2024\/05\/3-768x864.png 768w\" sizes=\"(max-width: 800px) 100vw, 800px\" \/>\t\t\t\t\t\t\t\t\t\t\t\t\t\t\t<\/div>\n\t\t\t\t<\/div>\n\t\t\t\t<\/div>\n\t\t<div class=\"elementor-element elementor-element-c190759 e-con-full e-flex e-con e-child\" data-id=\"c190759\" data-element_type=\"container\">\n\t\t\t\t<div class=\"elementor-element elementor-element-5c690c4 elementor-button-align-stretch elementor-widget elementor-widget-form\" data-id=\"5c690c4\" data-element_type=\"widget\" data-settings=\"{&quot;step_next_label&quot;:&quot;Next&quot;,&quot;step_previous_label&quot;:&quot;Previous&quot;,&quot;button_width&quot;:&quot;100&quot;,&quot;step_type&quot;:&quot;number_text&quot;,&quot;step_icon_shape&quot;:&quot;circle&quot;}\" data-widget_type=\"form.default\">\n\t\t\t\t<div class=\"elementor-widget-container\">\n\t\t\t\t\t\t\t<form class=\"elementor-form\" method=\"post\" name=\"New Form\" action=\"\">\n\t\t\t<input type=\"hidden\" name=\"post_id\" value=\"19\"\/>\n\t\t\t<input type=\"hidden\" name=\"form_id\" value=\"5c690c4\"\/>\n\t\t\t<input type=\"hidden\" name=\"referer_title\" value=\"Contacto - RETHER LAW FIRM\" \/>\n\n\t\t\t\t\t\t\t<input type=\"hidden\" name=\"queried_id\" value=\"19\"\/>\n\t\t\t\n\t\t\t<div class=\"elementor-form-fields-wrapper elementor-labels-above\">\n\t\t\t\t\t\t\t\t<div class=\"elementor-field-type-text elementor-field-group elementor-column elementor-field-group-name elementor-col-100\">\n\t\t\t\t\t\t\t\t\t\t\t\t<label for=\"form-field-name\" class=\"elementor-field-label\">\n\t\t\t\t\t\t\t\tNome\t\t\t\t\t\t\t<\/label>\n\t\t\t\t\t\t\t\t\t\t\t\t\t\t<input size=\"1\" type=\"text\" name=\"form_fields[name]\" id=\"form-field-name\" class=\"elementor-field elementor-size-sm  elementor-field-textual\">\n\t\t\t\t\t\t\t\t\t\t\t<\/div>\n\t\t\t\t\t\t\t\t<div class=\"elementor-field-type-email elementor-field-group elementor-column elementor-field-group-email elementor-col-100 elementor-field-required\">\n\t\t\t\t\t\t\t\t\t\t\t\t<label for=\"form-field-email\" class=\"elementor-field-label\">\n\t\t\t\t\t\t\t\tPosta\t\t\t\t\t\t\t<\/label>\n\t\t\t\t\t\t\t\t\t\t\t\t\t\t<input size=\"1\" type=\"email\" name=\"form_fields[email]\" id=\"form-field-email\" class=\"elementor-field elementor-size-sm  elementor-field-textual\" required=\"required\">\n\t\t\t\t\t\t\t\t\t\t\t<\/div>\n\t\t\t\t\t\t\t\t<div class=\"elementor-field-type-tel elementor-field-group elementor-column elementor-field-group-message elementor-col-100\">\n\t\t\t\t\t\t\t\t\t\t\t\t<label for=\"form-field-message\" class=\"elementor-field-label\">\n\t\t\t\t\t\t\t\tNumero di telefono\t\t\t\t\t\t\t<\/label>\n\t\t\t\t\t\t\t\t<input size=\"1\" type=\"tel\" name=\"form_fields[message]\" id=\"form-field-message\" class=\"elementor-field elementor-size-sm  elementor-field-textual\" pattern=\"[0-9()#&amp;+*-=.]+\" title=\"Only numbers and phone characters (#, -, *, etc) are accepted.\">\n\n\t\t\t\t\t\t<\/div>\n\t\t\t\t\t\t\t\t<div class=\"elementor-field-type-textarea elementor-field-group elementor-column elementor-field-group-field_6f1a510 elementor-col-100\">\n\t\t\t\t\t\t\t\t\t\t\t\t<label for=\"form-field-field_6f1a510\" class=\"elementor-field-label\">\n\t\t\t\t\t\t\t\tEn que podemos ayudarle\t\t\t\t\t\t\t<\/label>\n\t\t\t\t\t\t<textarea class=\"elementor-field-textual elementor-field  elementor-size-sm\" name=\"form_fields[field_6f1a510]\" id=\"form-field-field_6f1a510\" rows=\"4\"><\/textarea>\t\t\t\t<\/div>\n\t\t\t\t\t\t\t\t<div class=\"elementor-field-group elementor-column elementor-field-type-submit elementor-col-100 e-form__buttons\">\n\t\t\t\t\t<button class=\"elementor-button elementor-size-sm\" type=\"submit\">\n\t\t\t\t\t\t<span class=\"elementor-button-content-wrapper\">\n\t\t\t\t\t\t\t\t\t\t\t\t\t\t\t\t\t\t\t\t\t\t<span class=\"elementor-button-text\">Inviare<\/span>\n\t\t\t\t\t\t\t\t\t\t\t\t\t<\/span>\n\t\t\t\t\t<\/button>\n\t\t\t\t<\/div>\n\t\t\t<\/div>\n\t\t<input type=\"hidden\" name=\"trp-form-language\" value=\"it\"\/><\/form>\n\t\t\t\t\t\t<\/div>\n\t\t\t\t<\/div>\n\t\t\t\t<div class=\"elementor-element elementor-element-d69dfa9 elementor-widget elementor-widget-text-editor\" data-id=\"d69dfa9\" data-element_type=\"widget\" data-widget_type=\"text-editor.default\">\n\t\t\t\t<div class=\"elementor-widget-container\">\n\t\t\t\t\t\t\t\t\t<p>Calle Los Guanches, 10<\/p><p>35625 Morro Jable ( Espa\u00f1a )<\/p><p>+34 651322196 | info@retherlawfirm.com<\/p>\t\t\t\t\t\t\t\t<\/div>\n\t\t\t\t<\/div>\n\t\t\t\t<\/div>\n\t\t\t\t<\/div>\n\t\t\t\t\t<\/div>\n\t\t\t\t<\/div>\n\t\t<div class=\"elementor-element elementor-element-efea9ee e-flex e-con-boxed e-con e-parent\" data-id=\"efea9ee\" data-element_type=\"container\" data-settings=\"{&quot;background_background&quot;:&quot;classic&quot;}\">\n\t\t\t\t\t<div class=\"e-con-inner\">\n\t\t\t\t<div class=\"elementor-element elementor-element-2d99e90 elementor-widget elementor-widget-spacer\" data-id=\"2d99e90\" data-element_type=\"widget\" data-widget_type=\"spacer.default\">\n\t\t\t\t<div class=\"elementor-widget-container\">\n\t\t\t\t\t\t\t<div class=\"elementor-spacer\">\n\t\t\t<div class=\"elementor-spacer-inner\"><\/div>\n\t\t<\/div>\n\t\t\t\t\t\t<\/div>\n\t\t\t\t<\/div>\n\t\t\t\t<div class=\"elementor-element elementor-element-49d17cd elementor-widget elementor-widget-heading\" data-id=\"49d17cd\" data-element_type=\"widget\" data-widget_type=\"heading.default\">\n\t\t\t\t<div class=\"elementor-widget-container\">\n\t\t\t\t\t<h2 class=\"elementor-heading-title elementor-size-default\">Con la garanzia legale e tecnica: <\/h2>\t\t\t\t<\/div>\n\t\t\t\t<\/div>\n\t\t\t\t<div class=\"elementor-element elementor-element-bce27b6 elementor-widget elementor-widget-image\" data-id=\"bce27b6\" data-element_type=\"widget\" data-widget_type=\"image.default\">\n\t\t\t\t<div class=\"elementor-widget-container\">\n\t\t\t\t\t\t\t\t\t\t\t\t\t\t\t<img decoding=\"async\" width=\"2896\" height=\"842\" src=\"https:\/\/retherlawfirm.com\/wp-content\/uploads\/2024\/06\/KITDIGITAL1.png\" class=\"attachment-full size-full wp-image-641\" alt=\"\" srcset=\"https:\/\/retherlawfirm.com\/wp-content\/uploads\/2024\/06\/KITDIGITAL1.png 2896w, https:\/\/retherlawfirm.com\/wp-content\/uploads\/2024\/06\/KITDIGITAL1-300x87.png 300w, https:\/\/retherlawfirm.com\/wp-content\/uploads\/2024\/06\/KITDIGITAL1-1024x298.png 1024w, https:\/\/retherlawfirm.com\/wp-content\/uploads\/2024\/06\/KITDIGITAL1-768x223.png 768w, https:\/\/retherlawfirm.com\/wp-content\/uploads\/2024\/06\/KITDIGITAL1-1536x447.png 1536w, https:\/\/retherlawfirm.com\/wp-content\/uploads\/2024\/06\/KITDIGITAL1-2048x595.png 2048w, https:\/\/retherlawfirm.com\/wp-content\/uploads\/2024\/06\/KITDIGITAL1-18x5.png 18w\" sizes=\"(max-width: 2896px) 100vw, 2896px\" \/>\t\t\t\t\t\t\t\t\t\t\t\t\t\t\t<\/div>\n\t\t\t\t<\/div>\n\t\t\t\t\t<\/div>\n\t\t\t\t<\/div>\n\t\t\t\t<\/div>","protected":false},"excerpt":{"rendered":"<p>Cont\u00e1ctanos Calle Los Guanches, 10 35625 Morro Jable ( Espa\u00f1a ) +34 651322196 | info@retherlawfirm.com Con la garant\u00eda jur\u00eddica y t\u00e9cnica de:<\/p>","protected":false},"author":1,"featured_media":0,"parent":0,"menu_order":0,"comment_status":"closed","ping_status":"closed","template":"elementor_canvas","meta":{"footnotes":""},"class_list":["post-19","page","type-page","status-publish"],"yoast_head":"<!-- This site is optimized with the Yoast SEO plugin v25.9 - https:\/\/yoast.com\/wordpress\/plugins\/seo\/ -->\n<title>Contacto - RETHER LAW FIRM<\/title>\n<meta name=\"robots\" content=\"index, follow, max-snippet:-1, max-image-preview:large, max-video-preview:-1\" \/>\n<link rel=\"canonical\" href=\"https:\/\/retherlawfirm.com\/it\/contacto\/\" \/>\n<meta property=\"og:locale\" content=\"it_IT\" \/>\n<meta property=\"og:type\" content=\"article\" \/>\n<meta property=\"og:title\" content=\"Contacto - RETHER LAW FIRM\" \/>\n<meta property=\"og:description\" content=\"Cont\u00e1ctanos Calle Los Guanches, 10 35625 Morro Jable ( Espa\u00f1a ) +34 651322196 | info@retherlawfirm.com Con la garant\u00eda jur\u00eddica y t\u00e9cnica de:\" \/>\n<meta property=\"og:url\" content=\"https:\/\/retherlawfirm.com\/it\/contacto\/\" \/>\n<meta property=\"og:site_name\" content=\"RETHER LAW FIRM\" \/>\n<meta property=\"article:modified_time\" content=\"2025-07-24T09:25:48+00:00\" \/>\n<meta property=\"og:image\" content=\"https:\/\/retherlawfirm.com\/wp-content\/uploads\/2024\/05\/3.png\" \/>\n\t<meta property=\"og:image:width\" content=\"800\" \/>\n\t<meta property=\"og:image:height\" content=\"900\" \/>\n\t<meta property=\"og:image:type\" content=\"image\/png\" \/>\n<meta name=\"twitter:card\" content=\"summary_large_image\" \/>\n<meta name=\"twitter:label1\" content=\"Tempo di lettura stimato\" \/>\n\t<meta name=\"twitter:data1\" content=\"1 minuto\" \/>\n<script type=\"application\/ld+json\" class=\"yoast-schema-graph\">{\"@context\":\"https:\/\/schema.org\",\"@graph\":[{\"@type\":\"WebPage\",\"@id\":\"https:\/\/retherlawfirm.com\/contacto\/\",\"url\":\"https:\/\/retherlawfirm.com\/contacto\/\",\"name\":\"Contacto - RETHER LAW FIRM\",\"isPartOf\":{\"@id\":\"https:\/\/retherlawfirm.com\/#website\"},\"primaryImageOfPage\":{\"@id\":\"https:\/\/retherlawfirm.com\/contacto\/#primaryimage\"},\"image\":{\"@id\":\"https:\/\/retherlawfirm.com\/contacto\/#primaryimage\"},\"thumbnailUrl\":\"https:\/\/retherlawfirm.com\/wp-content\/uploads\/2024\/05\/3.png\",\"datePublished\":\"2024-05-29T19:26:20+00:00\",\"dateModified\":\"2025-07-24T09:25:48+00:00\",\"breadcrumb\":{\"@id\":\"https:\/\/retherlawfirm.com\/contacto\/#breadcrumb\"},\"inLanguage\":\"it-IT\",\"potentialAction\":[{\"@type\":\"ReadAction\",\"target\":[\"https:\/\/retherlawfirm.com\/contacto\/\"]}]},{\"@type\":\"ImageObject\",\"inLanguage\":\"it-IT\",\"@id\":\"https:\/\/retherlawfirm.com\/contacto\/#primaryimage\",\"url\":\"https:\/\/retherlawfirm.com\/wp-content\/uploads\/2024\/05\/3.png\",\"contentUrl\":\"https:\/\/retherlawfirm.com\/wp-content\/uploads\/2024\/05\/3.png\"},{\"@type\":\"BreadcrumbList\",\"@id\":\"https:\/\/retherlawfirm.com\/contacto\/#breadcrumb\",\"itemListElement\":[{\"@type\":\"ListItem\",\"position\":1,\"name\":\"Portada\",\"item\":\"https:\/\/retherlawfirm.com\/\"},{\"@type\":\"ListItem\",\"position\":2,\"name\":\"Contacto\"}]},{\"@type\":\"WebSite\",\"@id\":\"https:\/\/retherlawfirm.com\/#website\",\"url\":\"https:\/\/retherlawfirm.com\/\",\"name\":\"RETHER LAW FIRM\",\"description\":\"Soluciones legales a est\u00e1ndares internacionales en Fuerteventura y Tenerife\",\"publisher\":{\"@id\":\"https:\/\/retherlawfirm.com\/#organization\"},\"potentialAction\":[{\"@type\":\"SearchAction\",\"target\":{\"@type\":\"EntryPoint\",\"urlTemplate\":\"https:\/\/retherlawfirm.com\/?s={search_term_string}\"},\"query-input\":{\"@type\":\"PropertyValueSpecification\",\"valueRequired\":true,\"valueName\":\"search_term_string\"}}],\"inLanguage\":\"it-IT\"},{\"@type\":\"Organization\",\"@id\":\"https:\/\/retherlawfirm.com\/#organization\",\"name\":\"RETHER LAW FIRM\",\"url\":\"https:\/\/retherlawfirm.com\/\",\"logo\":{\"@type\":\"ImageObject\",\"inLanguage\":\"it-IT\",\"@id\":\"https:\/\/retherlawfirm.com\/#\/schema\/logo\/image\/\",\"url\":\"https:\/\/retherlawfirm.com\/wp-content\/uploads\/2024\/05\/123.png\",\"contentUrl\":\"https:\/\/retherlawfirm.com\/wp-content\/uploads\/2024\/05\/123.png\",\"width\":810,\"height\":900,\"caption\":\"RETHER LAW FIRM\"},\"image\":{\"@id\":\"https:\/\/retherlawfirm.com\/#\/schema\/logo\/image\/\"}}]}<\/script>\n<!-- \/ Yoast SEO plugin. -->","yoast_head_json":{"title":"Contacto - RETHER LAW FIRM","robots":{"index":"index","follow":"follow","max-snippet":"max-snippet:-1","max-image-preview":"max-image-preview:large","max-video-preview":"max-video-preview:-1"},"canonical":"https:\/\/retherlawfirm.com\/it\/contacto\/","og_locale":"it_IT","og_type":"article","og_title":"Contacto - RETHER LAW FIRM","og_description":"Cont\u00e1ctanos Calle Los Guanches, 10 35625 Morro Jable ( Espa\u00f1a ) +34 651322196 | info@retherlawfirm.com Con la garant\u00eda jur\u00eddica y t\u00e9cnica de:","og_url":"https:\/\/retherlawfirm.com\/it\/contacto\/","og_site_name":"RETHER LAW FIRM","article_modified_time":"2025-07-24T09:25:48+00:00","og_image":[{"width":800,"height":900,"url":"https:\/\/retherlawfirm.com\/wp-content\/uploads\/2024\/05\/3.png","type":"image\/png"}],"twitter_card":"summary_large_image","twitter_misc":{"Tempo di lettura stimato":"1 minuto"},"schema":{"@context":"https:\/\/schema.org","@graph":[{"@type":"WebPage","@id":"https:\/\/retherlawfirm.com\/contacto\/","url":"https:\/\/retherlawfirm.com\/contacto\/","name":"Contacto - RETHER LAW FIRM","isPartOf":{"@id":"https:\/\/retherlawfirm.com\/#website"},"primaryImageOfPage":{"@id":"https:\/\/retherlawfirm.com\/contacto\/#primaryimage"},"image":{"@id":"https:\/\/retherlawfirm.com\/contacto\/#primaryimage"},"thumbnailUrl":"https:\/\/retherlawfirm.com\/wp-content\/uploads\/2024\/05\/3.png","datePublished":"2024-05-29T19:26:20+00:00","dateModified":"2025-07-24T09:25:48+00:00","breadcrumb":{"@id":"https:\/\/retherlawfirm.com\/contacto\/#breadcrumb"},"inLanguage":"it-IT","potentialAction":[{"@type":"ReadAction","target":["https:\/\/retherlawfirm.com\/contacto\/"]}]},{"@type":"ImageObject","inLanguage":"it-IT","@id":"https:\/\/retherlawfirm.com\/contacto\/#primaryimage","url":"https:\/\/retherlawfirm.com\/wp-content\/uploads\/2024\/05\/3.png","contentUrl":"https:\/\/retherlawfirm.com\/wp-content\/uploads\/2024\/05\/3.png"},{"@type":"BreadcrumbList","@id":"https:\/\/retherlawfirm.com\/contacto\/#breadcrumb","itemListElement":[{"@type":"ListItem","position":1,"name":"Portada","item":"https:\/\/retherlawfirm.com\/"},{"@type":"ListItem","position":2,"name":"Contacto"}]},{"@type":"WebSite","@id":"https:\/\/retherlawfirm.com\/#website","url":"https:\/\/retherlawfirm.com\/","name":"RETHER LAW FIRM","description":"Soluciones legales a est\u00e1ndares internacionales en Fuerteventura y Tenerife","publisher":{"@id":"https:\/\/retherlawfirm.com\/#organization"},"potentialAction":[{"@type":"SearchAction","target":{"@type":"EntryPoint","urlTemplate":"https:\/\/retherlawfirm.com\/?s={search_term_string}"},"query-input":{"@type":"PropertyValueSpecification","valueRequired":true,"valueName":"search_term_string"}}],"inLanguage":"it-IT"},{"@type":"Organization","@id":"https:\/\/retherlawfirm.com\/#organization","name":"RETHER LAW FIRM","url":"https:\/\/retherlawfirm.com\/","logo":{"@type":"ImageObject","inLanguage":"it-IT","@id":"https:\/\/retherlawfirm.com\/#\/schema\/logo\/image\/","url":"https:\/\/retherlawfirm.com\/wp-content\/uploads\/2024\/05\/123.png","contentUrl":"https:\/\/retherlawfirm.com\/wp-content\/uploads\/2024\/05\/123.png","width":810,"height":900,"caption":"RETHER LAW FIRM"},"image":{"@id":"https:\/\/retherlawfirm.com\/#\/schema\/logo\/image\/"}}]}},"_links":{"self":[{"href":"https:\/\/retherlawfirm.com\/it\/wp-json\/wp\/v2\/pages\/19","targetHints":{"allow":["GET"]}}],"collection":[{"href":"https:\/\/retherlawfirm.com\/it\/wp-json\/wp\/v2\/pages"}],"about":[{"href":"https:\/\/retherlawfirm.com\/it\/wp-json\/wp\/v2\/types\/page"}],"author":[{"embeddable":true,"href":"https:\/\/retherlawfirm.com\/it\/wp-json\/wp\/v2\/users\/1"}],"replies":[{"embeddable":true,"href":"https:\/\/retherlawfirm.com\/it\/wp-json\/wp\/v2\/comments?post=19"}],"version-history":[{"count":34,"href":"https:\/\/retherlawfirm.com\/it\/wp-json\/wp\/v2\/pages\/19\/revisions"}],"predecessor-version":[{"id":15822,"href":"https:\/\/retherlawfirm.com\/it\/wp-json\/wp\/v2\/pages\/19\/revisions\/15822"}],"wp:attachment":[{"href":"https:\/\/retherlawfirm.com\/it\/wp-json\/wp\/v2\/media?parent=19"}],"curies":[{"name":"wp","href":"https:\/\/api.w.org\/{rel}","templated":true}]}}